{"id":8,"date":"2018-10-28T14:11:09","date_gmt":"2018-10-28T13:11:09","guid":{"rendered":"http:\/\/clara.waw.pl\/?page_id=8"},"modified":"2022-07-26T21:33:54","modified_gmt":"2022-07-26T19:33:54","slug":"about","status":"publish","type":"page","link":"https:\/\/clara.waw.pl\/index.php\/about\/","title":{"rendered":"O nas"},"content":{"rendered":"\t\t<div data-elementor-type=\"wp-page\" data-elementor-id=\"8\" class=\"elementor elementor-8\">\n\t\t\t\t\t\t\t\t\t<section class=\"elementor-section elementor-top-section elementor-element elementor-element-6fe4885 elementor-section-content-middle elementor-section-boxed elementor-section-height-default elementor-section-height-default\" data-id=\"6fe4885\" data-element_type=\"section\" data-settings=\"{&quot;background_background&quot;:&quot;classic&quot;}\">\n\t\t\t\t\t\t<div class=\"elementor-container elementor-column-gap-extended\">\n\t\t\t\t\t<div class=\"elementor-column elementor-col-50 elementor-top-column elementor-element elementor-element-492fd53\" data-id=\"492fd53\" data-element_type=\"column\">\n\t\t\t<div class=\"elementor-widget-wrap elementor-element-populated\">\n\t\t\t\t\t\t\t\t<div class=\"elementor-element elementor-element-2d6445c elementor-widget elementor-widget-heading\" data-id=\"2d6445c\" data-element_type=\"widget\" data-widget_type=\"heading.default\">\n\t\t\t\t<div class=\"elementor-widget-container\">\n\t\t\t<style>\/*! elementor - v3.6.7 - 03-07-2022 *\/\n.elementor-heading-title{padding:0;margin:0;line-height:1}.elementor-widget-heading .elementor-heading-title[class*=elementor-size-]>a{color:inherit;font-size:inherit;line-height:inherit}.elementor-widget-heading .elementor-heading-title.elementor-size-small{font-size:15px}.elementor-widget-heading .elementor-heading-title.elementor-size-medium{font-size:19px}.elementor-widget-heading .elementor-heading-title.elementor-size-large{font-size:29px}.elementor-widget-heading .elementor-heading-title.elementor-size-xl{font-size:39px}.elementor-widget-heading .elementor-heading-title.elementor-size-xxl{font-size:59px}<\/style><h2 class=\"elementor-heading-title elementor-size-default\"><i>Klinika dla Kobiet<\/i><\/h2>\t\t<\/div>\n\t\t\t\t<\/div>\n\t\t\t\t<div class=\"elementor-element elementor-element-03bcd60 elementor-widget elementor-widget-heading\" data-id=\"03bcd60\" data-element_type=\"widget\" data-widget_type=\"heading.default\">\n\t\t\t\t<div class=\"elementor-widget-container\">\n\t\t\t<h2 class=\"elementor-heading-title elementor-size-default\"><i>dr n. med. Agnieszka Ewa Ma\u017adziarz<\/i><\/h2>\t\t<\/div>\n\t\t\t\t<\/div>\n\t\t\t\t\t<\/div>\n\t\t<\/div>\n\t\t\t\t<div class=\"elementor-column elementor-col-50 elementor-top-column elementor-element elementor-element-eeca728\" data-id=\"eeca728\" data-element_type=\"column\">\n\t\t\t<div class=\"elementor-widget-wrap elementor-element-populated\">\n\t\t\t\t\t\t\t\t<div class=\"elementor-element elementor-element-0371680 elementor-widget elementor-widget-image\" data-id=\"0371680\" data-element_type=\"widget\" data-widget_type=\"image.default\">\n\t\t\t\t<div class=\"elementor-widget-container\">\n\t\t\t<style>\/*! elementor - v3.6.7 - 03-07-2022 *\/\n.elementor-widget-image{text-align:center}.elementor-widget-image a{display:inline-block}.elementor-widget-image a img[src$=\".svg\"]{width:48px}.elementor-widget-image img{vertical-align:middle;display:inline-block}<\/style>\t\t\t\t\t\t\t\t\t\t\t\t<img width=\"236\" height=\"126\" src=\"https:\/\/clara.waw.pl\/wp-content\/uploads\/2022\/07\/prpr.png\" class=\"attachment-large size-large\" alt=\"\" loading=\"lazy\" \/>\t\t\t\t\t\t\t\t\t\t\t\t\t\t\t<\/div>\n\t\t\t\t<\/div>\n\t\t\t\t\t<\/div>\n\t\t<\/div>\n\t\t\t\t\t\t\t<\/div>\n\t\t<\/section>\n\t\t\t\t<section class=\"elementor-section elementor-top-section elementor-element elementor-element-15601fa elementor-section-content-top elementor-reverse-tablet elementor-reverse-mobile elementor-section-height-full elementor-section-boxed elementor-section-height-default elementor-section-items-middle\" data-id=\"15601fa\" data-element_type=\"section\" data-settings=\"{&quot;background_background&quot;:&quot;classic&quot;}\">\n\t\t\t\t\t\t<div class=\"elementor-container elementor-column-gap-narrow\">\n\t\t\t\t\t<div class=\"elementor-column elementor-col-100 elementor-top-column elementor-element elementor-element-5038906\" data-id=\"5038906\" data-element_type=\"column\">\n\t\t\t<div class=\"elementor-widget-wrap elementor-element-populated\">\n\t\t\t\t\t\t\t\t<section class=\"elementor-section elementor-inner-section elementor-element elementor-element-80d9c3d elementor-section-full_width elementor-section-height-min-height elementor-section-height-default\" data-id=\"80d9c3d\" data-element_type=\"section\">\n\t\t\t\t\t\t<div class=\"elementor-container elementor-column-gap-default\">\n\t\t\t\t\t<div class=\"elementor-column elementor-col-50 elementor-inner-column elementor-element elementor-element-faa135c\" data-id=\"faa135c\" data-element_type=\"column\" data-settings=\"{&quot;background_background&quot;:&quot;classic&quot;}\">\n\t\t\t<div class=\"elementor-widget-wrap\">\n\t\t\t\t\t\t\t\t\t<\/div>\n\t\t<\/div>\n\t\t\t\t<div class=\"elementor-column elementor-col-50 elementor-inner-column elementor-element elementor-element-a222d7a\" data-id=\"a222d7a\" data-element_type=\"column\">\n\t\t\t<div class=\"elementor-widget-wrap elementor-element-populated\">\n\t\t\t\t\t\t\t\t<div class=\"elementor-element elementor-element-860a135 animated-slow elementor-invisible elementor-widget elementor-widget-heading\" data-id=\"860a135\" data-element_type=\"widget\" data-settings=\"{&quot;_animation&quot;:&quot;fadeInUp&quot;,&quot;_animation_delay&quot;:100}\" data-widget_type=\"heading.default\">\n\t\t\t\t<div class=\"elementor-widget-container\">\n\t\t\t<h3 class=\"elementor-heading-title elementor-size-default\"><i>Agnieszka ewa<\/i> <i>Ma\u017adziarz<\/i><\/h3>\t\t<\/div>\n\t\t\t\t<\/div>\n\t\t\t\t<div class=\"elementor-element elementor-element-fe313dd animated-slow elementor-invisible elementor-widget elementor-widget-heading\" data-id=\"fe313dd\" data-element_type=\"widget\" data-settings=\"{&quot;_animation&quot;:&quot;fadeInUp&quot;}\" data-widget_type=\"heading.default\">\n\t\t\t\t<div class=\"elementor-widget-container\">\n\t\t\t<h5 class=\"elementor-heading-title elementor-size-default\"><br><b><i>Ginekolog - Po\u0142o\u017cnik<br><br>Specjalista ginekologii onkologic<\/i>znej<\/b><\/h5>\t\t<\/div>\n\t\t\t\t<\/div>\n\t\t\t\t\t<\/div>\n\t\t<\/div>\n\t\t\t\t\t\t\t<\/div>\n\t\t<\/section>\n\t\t\t\t<div class=\"elementor-element elementor-element-d3bc9e5 elementor-invisible elementor-widget elementor-widget-text-editor\" data-id=\"d3bc9e5\" data-element_type=\"widget\" data-settings=\"{&quot;_animation&quot;:&quot;fadeIn&quot;}\" data-widget_type=\"text-editor.default\">\n\t\t\t\t<div class=\"elementor-widget-container\">\n\t\t\t<style>\/*! elementor - v3.6.7 - 03-07-2022 *\/\n.elementor-widget-text-editor.elementor-drop-cap-view-stacked .elementor-drop-cap{background-color:#818a91;color:#fff}.elementor-widget-text-editor.elementor-drop-cap-view-framed .elementor-drop-cap{color:#818a91;border:3px solid;background-color:transparent}.elementor-widget-text-editor:not(.elementor-drop-cap-view-default) .elementor-drop-cap{margin-top:8px}.elementor-widget-text-editor:not(.elementor-drop-cap-view-default) .elementor-drop-cap-letter{width:1em;height:1em}.elementor-widget-text-editor .elementor-drop-cap{float:left;text-align:center;line-height:1;font-size:50px}.elementor-widget-text-editor .elementor-drop-cap-letter{display:inline-block}<\/style>\t\t\t\t<ul>\n<li>Absolwentka I Wydzia\u0142u Lekarskiego Warszawskiego Uniwersytetu Medycznego.<\/li>\n<li>Swoj\u0105 karier\u0119 zawodow\u0105 rozpocz\u0119\u0142a w Katedrze i Klinice Po\u0142o\u017cnictwa, Chor\u00f3b Kobiecych i Ginekologii Onkologicznej II Wydzia\u0142u Lekarskiego Warszawskiego Uniwersytetu Medycznego gdzie naby\u0142a umiej\u0119tno\u015bci i do\u015bwiadczenie z zakresu po\u0142o\u017cnictwa, patologii ci\u0105\u017cy, ginekologii operacyjnej i onkologicznej.<\/li>\n<li>W 2006 roku uzyska\u0142a tytu\u0142 specjalisty z zakresu po\u0142o\u017cnictwa i ginekologii.<\/li>\n<li>W swojej pracy skupia si\u0119 na zastosowaniu najnowszych technik diagnostycznych, zabiegowych i operacyjnych u kobiet ze schorzeniami ginekologicznymi, nowotworowymi, ale przede wszystkim na wczesnym wykrywaniu i leczeniu zmian przednowotworowych.<\/li>\n<li>Dysponuje du\u017cym do\u015bwiadczeniem w diagnostyce i leczeniu chor\u00f3b szyjki macicy i sromu, zagadnieniom poprawy jako\u015bci \u017cycia kobiet z chorobami sromu oraz pacjentek po leczeniu onkologicznym. Pracowa\u0142a w zespole polskich pionier\u00f3w w wykorzystaniu metody fotodynamicznej w diagnostyce zmian na szyjce macicy, w pochwie i na sromie. Jest znawc\u0105 leczenia terapi\u0105 fotodynamiczn\u0105.<\/li>\n<li>W 2008 roku otrzyma\u0142a tytu\u0142 doktora nauk medycznych po obronie z wyr\u00f3\u017cnieniem rozprawy doktorskiej<strong>: \u201eWarto\u015b\u0107 metody fotodynamicznej w diagnostyce i leczeniu chor\u00f3b sromu\u201d.<\/strong><\/li>\n<li>Po uko\u0144czeniu szkolenia specjalizacyjnego z zakresu ginekologii onkologicznej, w 2011 roku uzyska\u0142a kolejny tytu\u0142 specjalisty z zakresu ginekologii onkologicznej.<\/li>\n<li>Jest cz\u0142onkiem Polskiego Towarzystwa Ginekologii Onkologicznej oraz European Society of Gynecological Oncology.<\/li>\n<li>Autor i wsp\u00f3\u0142autor licznych publikacji w zakresie ginekologii i ginekologii onkologicznej. Uczestniczy w licznych szkoleniach, zjazdach i konferencjach krajowych i zagranicznych z zakresu po\u0142o\u017cnictwa, ginekologii i ginekologii onkologicznej. Wielokrotnie uczestniczy\u0142a w nich jako prelegent.<\/li>\n<li>Jest certyfikowanym kolposkopist\u0105 z egzaminem \u201eThe First European Course of Colposcopy\u201d.<\/li>\n<li>Cz\u0142onek Rady Programowej kwartalnika <b>\u201cTerapia Fotodynamiczna\u201c<\/b>.<\/li>\n<\/ul>\t\t\t\t\t\t<\/div>\n\t\t\t\t<\/div>\n\t\t\t\t\t<\/div>\n\t\t<\/div>\n\t\t\t\t\t\t\t<\/div>\n\t\t<\/section>\n\t\t\t\t\t\t\t<\/div>\n\t\t","protected":false},"excerpt":{"rendered":"<p>Klinika dla Kobiet dr n. med. Agnieszka Ewa Ma\u017adziarz Agnieszka ewa Ma\u017adziarz Ginekolog &#8211; Po\u0142o\u017cnik Specjalista ginekologii onkologicznej Absolwentka I Wydzia\u0142u Lekarskiego Warszawskiego Uniwersytetu Medycznego. Swoj\u0105 karier\u0119 zawodow\u0105 rozpocz\u0119\u0142a w Katedrze i Klinice Po\u0142o\u017cnictwa, Chor\u00f3b Kobiecych i Ginekologii Onkologicznej II Wydzia\u0142u Lekarskiego Warszawskiego Uniwersytetu Medycznego gdzie naby\u0142a umiej\u0119tno\u015bci i do\u015bwiadczenie z zakresu po\u0142o\u017cnictwa, patologii ci\u0105\u017cy, [&hellip;]<\/p>\n","protected":false},"author":1,"featured_media":0,"parent":0,"menu_order":0,"comment_status":"closed","ping_status":"closed","template":"","meta":[],"_links":{"self":[{"href":"https:\/\/clara.waw.pl\/index.php\/wp-json\/wp\/v2\/pages\/8"}],"collection":[{"href":"https:\/\/clara.waw.pl\/index.php\/wp-json\/wp\/v2\/pages"}],"about":[{"href":"https:\/\/clara.waw.pl\/index.php\/wp-json\/wp\/v2\/types\/page"}],"author":[{"embeddable":true,"href":"https:\/\/clara.waw.pl\/index.php\/wp-json\/wp\/v2\/users\/1"}],"replies":[{"embeddable":true,"href":"https:\/\/clara.waw.pl\/index.php\/wp-json\/wp\/v2\/comments?post=8"}],"version-history":[{"count":164,"href":"https:\/\/clara.waw.pl\/index.php\/wp-json\/wp\/v2\/pages\/8\/revisions"}],"predecessor-version":[{"id":861,"href":"https:\/\/clara.waw.pl\/index.php\/wp-json\/wp\/v2\/pages\/8\/revisions\/861"}],"wp:attachment":[{"href":"https:\/\/clara.waw.pl\/index.php\/wp-json\/wp\/v2\/media?parent=8"}],"curies":[{"name":"wp","href":"https:\/\/api.w.org\/{rel}","templated":true}]}}